{"id":249,"date":"2021-06-10T08:56:36","date_gmt":"2021-06-10T08:56:36","guid":{"rendered":"https:\/\/fwm.dev.maoio.agency\/?page_id=249"},"modified":"2026-03-31T21:28:51","modified_gmt":"2026-03-31T19:28:51","slug":"uvjeti-poslovanja","status":"publish","type":"page","link":"https:\/\/faceworkoutbymia.com\/hr\/uvjeti-poslovanja\/","title":{"rendered":"Op\u0107i uvjeti poslovanja"},"content":{"rendered":"<p><strong><b>Op\u0107enito<\/b><\/strong><\/p>\n<p>Face fitness d.o.o. , vlasnica Mia \u0160o\u0161ki\u0107 sa sjedi\u0161tem u Splitu, Polji\u010dka cesta 11, OIB 21434508418 (u daljnjem tekstu: <strong><b>FaceWorkoutbyMia<\/b><\/strong>\u00a0\u00a0ili Dru\u0161tvo ili Mi) u vlasni\u0161tvu je i upravlja ovom web stranicom (u daljnjem tekstu: \u00a0<strong><b>Stranica<\/b><\/strong>\u00a0\u00a0ili <strong><b>Web<\/b><\/strong>\u00a0<strong><b>stranica<\/b><\/strong>)<strong><b>\u00a0<\/b><\/strong>na kojoj predstavljamo i nudimo programe vje\u017ebi lica kako je opisano na web stranici (u daljnjem tekstu: <strong><b>Usluge<\/b><\/strong>\u00a0<strong><b>i\/ili Proizvodi<\/b><\/strong>).<\/p>\n<p>Pa\u017eljivo pro\u010ditajte ove Op\u0107e uvjete poslovanja (u daljnjem tekstu: Uvjeti) i povremeno provjerite Uvjete koji su na snazi, posebno prije naru\u010divanja bilo koje Usluge ili Proizvoda. Zadr\u017eavamo pravo izmjene ovih Uvjeta i na vas \u0107e se primjenjivati Uvjeti koji su na snazi u trenutku kada koristite ovu stranicu i\/ili naru\u010dite Usluge ili Proizvode.<\/p>\n<p>Nastavljaju\u0107i koristiti Web stranicu, registriraju\u0107i se kao pretplatnik ili naru\u010divanjem, primanjem, kupnjom ili kori\u0161tenjem bilo koje usluge ili proizvoda putem Web stranice prihva\u0107ate ove Uvjete koji uklju\u010duju odricanja i ograni\u010denja odgovornosti, kao obvezuju\u0107i ugovor izme\u0111u vas i FaceWorkoutmyMia. Ako se ne sla\u017eete s bilo kojom odredbom Uvjeta, prestanite koristiti Web stranicu i otka\u017eite svoj pretplatni\u010dki ra\u010dun kako je navedeno na Web stranici.<\/p>\n<p>Informacije u Uvjetima i detalji sadr\u017eani na ovoj Web stranici ne predstavljaju obvezu pla\u0107anja u vezi s bilo kojom Uslugama ili Proizvodima sve dok FaceWorkoutbyMia ne prihvati va\u0161u pretplatu i kupnju.<\/p>\n<p>U ugovorne svrhe ovime prihva\u0107ate elektroni\u010dka sredstva komunikacije i sla\u017eete se da sva komunikacija koje pru\u017eamo, \u0161aljemo elektroni\u010dkim putem \u00a0i \u00a0udovoljava svim zakonskim obvezama.<\/p>\n<p>Sve obavijesti smatrat \u0107e se zaprimljenima odmah nakon slanja.<\/p>\n<p>U slu\u010daju da imate upit ili pritu\u017ebu u vezi s ovim Uvjetima i\/ili bilo kojom Uslugom i\/ili Proizvodima, po\u0161aljite ih facefitnessbymia@gmail.com<\/p>\n<p>Ovi Uvjeti i Predugovorna obavijest, zajedno s Politikom privatnosti, \u010dine cijeli ugovor izme\u0111u FaceWorkoutbyMia i vas te zamjenjuju i zamjenjuju sve prethodne sporazume i dogovore u vezi s istim.<\/p>\n<p><strong><b>Op\u0107a odricanja od odgovornosti<\/b><\/strong><\/p>\n<p>Pru\u017eamo Usluge i Proizvode kako su dostupni i oni nisu prilagodljivi Va\u0161im specifi\u010dnim potrebama.<\/p>\n<p>Izri\u010dito se odri\u010demo svih jamstava bilo koje vrste. Bez ograni\u010davanja prethodnog, ne dajemo izjave ili jamstva da su\/\u0107e Usluge i \/ili Proizvodi:<\/p>\n<ul>\n<li>posebno su prikladni ili sigurni za bilo kojeg korisnika;<\/li>\n<li>zadovoljiti specifi\u010dne osobne potrebe ili izravno uzrokovati bilo kakav odre\u0111eni rezultat u va\u0161em tijelu;<\/li>\n<li>dopu\u0161teni sukladno propisima na Va\u0161em podru\u010dju;<\/li>\n<li>bit neprekinut ili bez pogre\u0161aka;<\/li>\n<\/ul>\n<p>FaceWorkoutbyMia nije odgovoran za gubitak podataka, informacija, slika, programa, zna\u010dajki, softvera, komunikacijskih alata, medija, koji mogu biti uzrokovani Va\u0161im ra\u010dunalnim hardverom, softverom ili komunikacijskim vezama i alatima ili ure\u0111ajima.<\/p>\n<p>Ako kao korisnik dopustite da Usluge i\/ili Proizvode koristi tre\u0107a strana, ovi \u0107e se Uvjeti primjenjivati na tu tre\u0107u stranu i vi ste odgovorni:<\/p>\n<ul>\n<li>za informiranje takve strane o svim odredbama, uvjetima, odricanjima od odgovornosti i upozorenjima u skladu s Uvjetima;<\/li>\n<li>osigurati da je tre\u0107a osoba upoznata i pristaje na Uvjete;<\/li>\n<li>za svako kr\u0161enje bilo koje odredbe, uvjeta, odricanja i upozorenja u Uvjetima.<\/li>\n<\/ul>\n<p>FaceWorkoutbyMia mo\u017ee prenijeti sva ili dio svojih prava i obveza iz Ugovora tre\u0107oj strani, ali to ne\u0107e utjecati na Va\u0161a prava ili obveze FaceWorkoutbyMia prema Vama kao korisniku prema ovim Uvjetima.<\/p>\n<p><strong><b>Izjava o odricanju medicinske odgovornosti<\/b><\/strong><\/p>\n<p>PRIJE PO\u010cETKA KORI\u0160TENJA \u00a0FACEWORKOUTBYMIA ILI BILO KOJE DRUGE VJE\u017dBE ILI NARU\u010cIVANJA BILO KOJEG OD PONU\u0110ENIH PROIZVODA ILI PROGRAMA, OBRATITE SE SVOM LIJE\u010cNIKU ILI DRUGOM ZDRAVSTVENOM DJELATNIKU, POSEBNO U SLU\u010cAJU OSOBNIH ILI POVIJESTI RAZLI\u010cITIH STANJA U VA\u0160OJ OBITELJI KOJA BI SE MOGLA POGOR\u0160ATI PROMJENOM TJELESNE AKTIVNOSTI. NEMOJTE KORISTITI FACEWORKOUTBYMIA USLUGE AKO VAM SE SAVJETUJE DA IH NE KORISTITE ILI POSTOJI RAZLOG ZA VJEROVANJE DA BISTE SE TREBALI SUZDR\u017dATI OD KORI\u0160TENJA NA\u0160IH USLUGA.<\/p>\n<p>NA\u0160E USLUGE KORISTIT \u0106ETE NA VLASTITU ODGOVORNOST JER SU NAMIJENJENE SAMO U INFORMATIVNE SVRHE. NI\u0160TA NAVEDENO ILI OBJAVLJENO NA STRANICI ILI DOSTUPNO PUTEM BILO KOJE USLUGE NIJE NAMIJENJENO \u00a0I NE SMIJE SE SMATRATI PRAKSOM MEDICINSKE, STRU\u010cNE ILI SAVJETODAVNE SKRBI, DIJAGNOZE, TERAPIJE ILI LIJE\u010cENJA. U TU SVRHU, PRAKSA MEDICINE I SAVJETOVANJA UKLJU\u010cUJE, BEZ OGRANI\u010cENJA, PSIHIJATRIJU, PSIHOLOGIJU, PSIHOTERAPIJU ILI PRU\u017dANJE ZDRAVSTVENE ILI NUTRICIONISTI\u010cKE SKRBI, LIJE\u010cENJE, UPUTE, DIJAGNOZU, PROGNOZU ILI SAVJET. AKO IMATE BILO KAKVIH NEDOUMICA ILI PITANJA O SVOM ZDRAVLJU, UVIJEK SE TREBATE POSAVJETOVATI S LIJE\u010cNIKOM ILI DRUGIM ZDRAVSTVENIM DJELATNIKOM. NIKADA NEMOJTE ZANEMARITI MEDICINSKE ILI ZDRAVSTVENE SAVJETE ZDRAVSTVENOG DJELATNIKA.<\/p>\n<p>STRANICA \u0106E BITI PODVRGNUTA STALNIM PROMJENAMA SADR\u017dAJA I NE DAJEMO NIKAKVO JAMSTVO, KAKO U VEZI S UTJECAJEM NA VA\u0160E ZDRAVLJE, TAKO I NA TO\u010cNOST INFORMACIJA.<\/p>\n<p><strong><b>Dostupnost proizvoda i usluga<\/b><\/strong><\/p>\n<p>Sve usluge i proizvodi koji se nude putem na\u0161e Web stranice ovise o dostupnosti. Ako se bilo koja usluga i\/ili Proizvodi vi\u0161e ne nude putem na\u0161e Web stranice, zadr\u017eavamo pravo obavijestiti vas o zamjenskim stavkama jednake kvalitete i vrijednosti koje mo\u017eete, ali niste obvezni naru\u010diti.<\/p>\n<p><strong><b>\u00a0<\/b><\/strong><strong><b>Pretplata<\/b><\/strong><\/p>\n<p>Vi i bilo koja druga osoba koja \u0107e uz Vas koristiti Web stranicom, kao korisnik, posjetitelj, kupac, i kupuju\u0107i, primaju\u0107i i pla\u0107aju\u0107i usluge i proizvode koji se nude, prezentiraju ili na koje se poziva putem na\u0161e web stranice, mora \u00a0biti<strong><b>\u00a0poslovno sposobna i starija od 18 (osamnaest godina)<\/b><\/strong>\u00a0za djelovanje i ugovaranje, a posebno, izvr\u0161iti transakcije dostupne putem na\u0161e stranice.<\/p>\n<p>Ako osoba nema ili joj je oduzeta poslovna \u00a0sposobnost i\/ili je mla\u0111a od 18 godina, njezini roditelji ili skrbnici odgovorni su za narud\u017ebu, isporuku ili kupnju i pla\u0107anje.<\/p>\n<p>Usluge i proizvodi FaceWorkoutbyMia isklju\u010divo su za osobnu upotrebu kako je navedeno u ovim Uvjetima i Stranici. Ako se \u017eelite raspitati o mogu\u0107oj komercijalnoj uporabi, obratite nam se na: facefitnessbymia@gmail.com.<\/p>\n<p>Korisnici Stranice ne mogu koristiti nikakve informacije iz Usluge za kontaktiranje, ogla\u0161avanje, tra\u017eenje ili prodaju bilo kojem drugom korisniku bez prethodnog izri\u010ditog pisanog pristanka Dru\u0161tva.<\/p>\n<p><strong><b>Izrada korisni\u010dkog ra\u010duna<\/b><\/strong><\/p>\n<p>Prije slanja narud\u017ebe ili zahtjeva za bilo koju Uslugu ili Proizvod morate izraditi korisni\u010dki ra\u010dun i postati pretplatnik te se primjenjuju sljede\u0107i uvjeti:<\/p>\n<ul>\n<li>Svi osobni podaci\/podaci koje navedete \u010duvat \u0107e se i obra\u0111ivati u skladu s na\u0161om Politikom privatnosti;<\/li>\n<li>Ra\u010duni se mogu stvoriti samo u ime pojedina\u010dne osobe, a pojedinac mo\u017ee imati samo jedan aktivni ra\u010dun u bilo kojem trenutku;<\/li>\n<li>Svoj ra\u010dun mo\u017eete a\u017eurirati ili otkazati u bilo kojem trenutku u skladu s primjenjivim uvjetima;<\/li>\n<li>Sve informacije koje navedete moraju biti istinite i to\u010dne;<\/li>\n<li>Morate obavijestiti FaceWorkoutbyMia o svim promjenama va\u0161ih osobnih podataka ili pru\u017eenih podataka o na\u010dinu pla\u0107anja;<\/li>\n<li>Morate obavijestiti FaceWorkoutbyMia ako imate razloga vjerovati da je va\u0161em ra\u010dunu pristupljeno bez odobrenja ili ako je do\u0161lo do kr\u0161enja sigurnosti u vezi s va\u0161im ra\u010dunom.<\/li>\n<\/ul>\n<p>Prihva\u0107anje Va\u0161e pretplate poslat \u0107emo na adresu e-po\u0161te navedenu u va\u0161oj pretplati.<\/p>\n<p>Ne prihva\u0107amo djelomi\u010dne povrate. Va\u0161a pretplata po\u010dinje kada dovr\u0161ite postupak prijave, a otkazivanja mogu stupiti na snagu po\u010dev\u0161i od kraja trenutnog razdoblja naplate.<\/p>\n<p>Ne smijete dopustiti drugima da koriste Va\u0161 ra\u010dun i odgovorni ste za bilo koju aktivnost koja se odvija u svezi s Va\u0161im ra\u010dunom, uklju\u010duju\u0107i bilo koju aktivnost neovla\u0161tenih korisnika. Stoga, molimo vas da \u010duvate povjerljivost svoje lozinke i odjavite se sa svog ra\u010duna nakon kori\u0161tenja Usluge.<\/p>\n<p>FaceWorkoutbyMia je ovla\u0161ten poduzeti sve dostupne pravne radnje kao odgovor na nezakonitu i \/ ili neovla\u0161tenu upotrebu bilo kojeg ra\u010duna i \/ ili Web stranice i \/ ili Usluge.<\/p>\n<p><strong><b>Ukidanje korisni\u010dkog ra\u010duna<\/b><\/strong><\/p>\n<p>Imate mogu\u0107nost ukinuti svoj ra\u010dun u bilo kojem trenutku, a FaceWorkoutbyMia zadr\u017eava pravo, ali nema obvezu izbrisati va\u0161 korisni\u010dki ra\u010dun ako je neaktivan u razdoblju od \u0161est (6) mjeseci ili du\u017ee.<\/p>\n<p>FaceWorkoutbyMia mo\u017ee obustaviti, onemogu\u0107iti ili izbrisati Va\u0161 ra\u010dun (ili bilo koji njegov dio) ili blokirati ili ukloniti bilo koji sadr\u017eaj koji ste poslali ako ste prekr\u0161ili bilo koju odredbu Ugovora ili bilo koju primjenjivu zakonsku odredbu ili da va\u0161e radnje mogu na\u0161tetiti ugledu FaceWorkoutbyMia. U tom \u00a0slu\u010daju ne\u0107ete biti u mogu\u0107nosti ponovno se registrirati za Uslugu, a FaceWorkoutbyMia mo\u017ee blokirati va\u0161u adresu e-po\u0161te i adresu internetskog protokola kako biste sprije\u010dili daljnju registraciju.<\/p>\n<p>Nakon \u0161to je va\u0161a pretplata prekinuta iz bilo kojeg razloga, takav raskid nema u\u010dinka za uvjete Ugovora i nastavlja se u punoj snazi i u\u010dinku, osim svih uvjeta koji po svojoj prirodi istje\u010du. Uzimaju\u0107i to u obzir, prestankom pretplate \u0107e sve licence koje je FaceWorkoutbyMia dodijelio korisniku, kupcu ili kupcu prestati. Sadr\u017eaj koji ste poslali mo\u017eda vi\u0161e ne\u0107e biti dostupan, a FaceWorkoutbyMia ne\u0107e biti odgovoran za gubitak takvog sadr\u017eaja.<\/p>\n<p><strong><b>Va\u0161e izjave i jamstva<\/b><\/strong><\/p>\n<p>Kada koristite Site FaceWorkoutbyMia u bilo koju svrhu navedenu ovdje, jam\u010dite FaceWorkoutbyMia da je Va\u0161 lije\u010dnik izri\u010dito odobrio kori\u0161tenje Usluge, a posebno to da:<\/p>\n<ul>\n<li>nemate nikakvih sr\u010danih problema ili da vam se ne savjetuje da prakticirate samo fizi\u010dke aktivnosti preporu\u010dene od strane lije\u010dnika;<\/li>\n<li>nikada niste osjetili bol u prsima bez obzira na tjelesnu aktivnost ili ne;<\/li>\n<li>ne patite od vrtoglavice; izgubljene ravnote\u017ee i nikada niste izgubili svijest;<\/li>\n<li>nemate zdravstveno stanje koje se mo\u017ee pogor\u0161ati obavljanjem tjelesne aktivnosti;<\/li>\n<li>trenutno vam nisu propisani nikakvi lijekovi za krvni tlak ili sr\u010danu bolest;<\/li>\n<li>nemate povijest visokog krvnog tlaka, i nitko u va\u0161oj u\u017eoj obitelji nema povijest visokog krvnog tlaka ili sr\u010danih problema; i<\/li>\n<li>niste svjesni bilo kojeg drugog razloga zbog kojeg ne biste trebali vje\u017ebati.<\/li>\n<\/ul>\n<p><strong><b>Pla\u0107anje za FaceWorkoutbyMia programe<\/b><\/strong><\/p>\n<p>Usluga je pretplatni\u010dka usluga koju obra\u0111uje platforma za pla\u0107anje CorvusPay.<\/p>\n<p>Da biste kupili jednu ili vi\u0161e Usluga i\/ili Proizvoda dostupnih na Web stranici, morate slijediti postupak naveden na Web stranici. Nakon narud\u017ebe primit \u0107ete potvrdu e-po\u0161te o svojoj narud\u017ebi, uklju\u010duju\u0107i potvrdu sklopljenog ugovora, u skladu sa Zakonom o za\u0161titi potro\u0161a\u010da.<\/p>\n<p>Sva otkazivanja stupaju na snagu na kraju trenuta\u010dnog razdoblja naplate, \u0161to zna\u010di da nema djelomi\u010dnih povrata novca.<\/p>\n<p>Sve cijene Usluga bit \u0107e s vremena na vrijeme navedene na web-mjestu i bit \u0107e navedene s PDV-om (ako je primjenjivo). Cijene na\u0161e Usluge mogu se povremeno razlikovati. Naplatit \u0107e vam se u skladu s uvjetima naplate na koje ste pristali u trenutku prijave i kupnje. Ako ne primimo pla\u0107anje pretplate na datum dospije\u0107a, mo\u017eemo obustaviti Uslugu do potpunog pla\u0107anja.<\/p>\n<p>Imate pravo otkazati pretplatu u bilo kojem trenutku, slijede\u0107i upute i postupke navedene ovdje i u alatima Web stranice.<\/p>\n<p>Ako otka\u017eete ra\u010dun prije isteka punog pla\u0107enog razdoblja pretplate, mo\u0107i \u0107ete nastaviti pregledavati sav sadr\u017eaj do isteka trenutnog pla\u0107enog razdoblja pretplate.<\/p>\n<p>Pla\u0107anja za kupnju ponu\u0111enih, predstavljenih ili preporu\u010denih proizvoda putem na\u0161e web stranice regulirana su u odgovaraju\u0107em odjeljku.<\/p>\n<p><strong><b>Mogu\u0107nosti pla\u0107anja su:<\/b><\/strong><\/p>\n<p>Karti\u010dno pla\u0107anje:<\/p>\n<ul>\n<li>Maestro\u00ae (debitno) jednokratno<\/li>\n<li>Electron \/ V Pay (debitno, kreditno, poslovno) jednokratno<\/li>\n<li>MasterCard\u00ae (debitna, kreditna, poslovna) jednokratna<\/li>\n<li>Diners\u00ae (debitno, poslovno) jednokratno<\/li>\n<\/ul>\n<p><a href=\"http:\/\/www.visa.com.hr\/\" target=\"_blank\" rel=\"noopener\"><img decoding=\"async\" class=\"attachment-full alignnone\" src=\"https:\/\/faceworkoutbymia.com\/hr\/wp-content\/uploads\/sites\/2\/2021\/10\/visa_fc-1.png\" alt=\"\" width=\"73\" height=\"46\" \/><\/a> <a href=\"https:\/\/www.mastercard.hr\/hr-hr\/consumers\/find-card-%20products\/debit-cards\/maestro-debit.html\" target=\"_blank\" rel=\"noopener\"><img decoding=\"async\" class=\"attachment-full alignnone\" src=\"https:\/\/faceworkoutbymia.com\/hr\/wp-content\/uploads\/sites\/2\/2021\/10\/ms_acc_opt_70_1x-1.png\" alt=\"\" width=\"70\" height=\"45\" \/><\/a> <a href=\"http:\/\/www.mastercard.com\/\" target=\"_blank\" rel=\"noopener\"><img decoding=\"async\" class=\"attachment-full alignnone\" src=\"https:\/\/faceworkoutbymia.com\/hr\/wp-content\/uploads\/sites\/2\/2021\/10\/mc_acc_opt_70_1x-1.png\" alt=\"\" width=\"70\" height=\"45\" \/><\/a> <a href=\"https:\/\/www.diners.com.hr\/Pogodnosti-i-usluge\/MasterCard-%20SecureCode.html?Ym5cMzQsY2FyZFR5cGVcMSxwXDc3\" target=\"_blank\" rel=\"noopener\"><img loading=\"lazy\" decoding=\"async\" class=\"attachment-full alignnone\" src=\"https:\/\/faceworkoutbymia.com\/hr\/wp-content\/uploads\/sites\/2\/2021\/10\/DCI-Logo-horz.jpg\" alt=\"\" width=\"160\" height=\"50\" \/><\/a><\/p>\n<p>PayPal<br \/>\n<img loading=\"lazy\" decoding=\"async\" class=\"alignnone wp-image-2502\" src=\"https:\/\/faceworkoutbymia.com\/hr\/wp-content\/uploads\/sites\/2\/2021\/12\/PayPal-Logo-300x189.jpg\" alt=\"\" width=\"73\" height=\"46\" srcset=\"https:\/\/faceworkoutbymia.com\/hr\/wp-content\/uploads\/sites\/2\/2021\/12\/PayPal-Logo-300x189.jpg 300w, https:\/\/faceworkoutbymia.com\/hr\/wp-content\/uploads\/sites\/2\/2021\/12\/PayPal-Logo-1000x629.jpg 1000w, https:\/\/faceworkoutbymia.com\/hr\/wp-content\/uploads\/sites\/2\/2021\/12\/PayPal-Logo-1024x644.jpg 1024w, https:\/\/faceworkoutbymia.com\/hr\/wp-content\/uploads\/sites\/2\/2021\/12\/PayPal-Logo-768x483.jpg 768w, https:\/\/faceworkoutbymia.com\/hr\/wp-content\/uploads\/sites\/2\/2021\/12\/PayPal-Logo.jpg 1200w\" sizes=\"(max-width: 73px) 100vw, 73px\" \/><\/p>\n<p>Sigurnosni programi i relevantne poveznice<\/p>\n<p><a href=\"https:\/\/www.visa.com.hr\/\" target=\"_blank\" rel=\"noopener\"><img loading=\"lazy\" decoding=\"async\" class=\"alignnone wp-image-1449 size-full\" src=\"https:\/\/faceworkoutbymia.com\/hr\/wp-content\/uploads\/sites\/2\/2021\/10\/verified_by_visa.jpg\" alt=\"\" width=\"83\" height=\"62\" \/><\/a><a href=\"https:\/\/www.mastercard.hr\/hr-hr.html\" target=\"_blank\" rel=\"noopener\"><img loading=\"lazy\" decoding=\"async\" class=\"alignnone wp-image-1450 size-full\" src=\"https:\/\/faceworkoutbymia.com\/hr\/wp-content\/uploads\/sites\/2\/2021\/10\/mastercard_securecode-1.gif\" alt=\"\" width=\"104\" height=\"56\" \/><\/a><a href=\"https:\/\/www.erstecardclub.hr\/hr\/pogodnosti\/visa-mastercard-pogodnosti\/3d-usluge\" target=\"_blank\" rel=\"noopener\"><img loading=\"lazy\" decoding=\"async\" class=\"alignnone wp-image-1451 \" src=\"https:\/\/faceworkoutbymia.com\/hr\/wp-content\/uploads\/sites\/2\/2021\/10\/logo_sigurna-kupnja_2.1.png\" alt=\"\" width=\"153\" height=\"63\" \/><\/a><a href=\"http:\/\/www.corvuspay.hr\/\" target=\"_blank\" rel=\"noopener\"><img loading=\"lazy\" decoding=\"async\" class=\"alignnone wp-image-1452 size-full\" src=\"https:\/\/faceworkoutbymia.com\/hr\/wp-content\/uploads\/sites\/2\/2021\/10\/CorvusPAY.png\" alt=\"\" width=\"240\" height=\"60\" \/><\/a><\/p>\n<p><strong><b>Sigurnost internetskog pla\u0107anja<\/b><\/strong><\/p>\n<p>Tijekom provo\u0111enja pla\u0107anja na na\u0161oj Web stranici koristite CorvusPay, napredni sustav za sigurno prihva\u0107anje kreditnih kartica putem Interneta. CorvusPay osigurava privatnost podataka o va\u0161oj kreditnoj kartici. Podaci potrebni za naplatu proslje\u0111uju se \u0161ifrirani iz va\u0161eg web preglednika u banku koja je izdala va\u0161u karticu. FaceWorkoutbyMia nema uvid u podatke o va\u0161oj platnoj kartici.<\/p>\n<p>CorvusPay navodi da ispunjava sve zahtjeve za sigurno online pla\u0107anje koje propisuju vode\u0107e marke kreditnih kartica, djeluju\u0107i u skladu s najvi\u0161im sigurnosnim standardom industrije platnih kartica. Pla\u0107anja karticama upisanim u 3D Secure program dodatno provjerava banka izdavateljica, potvr\u0111uju\u0107i va\u0161 identitet kori\u0161tenjem tokena, lozinke ili drugog primjenjivog oblika provjere autenti\u010dnosti.<\/p>\n<p>Svi podaci koje prikupi CorvusPay smatraju se bankarskom tajnom i prema njima se postupa u skladu s tim te se prikupljaju samo nu\u017eni podaci, a podaci se koriste isklju\u010divo u svrhe za koje su namijenjeni.<\/p>\n<p>Sigurnosne kontrole i operativni postupci koji se primjenjuju unutar CorvusPay infrastrukture ne samo da osiguravaju trenutnu pouzdanost CorvusPay-a, ve\u0107 trajno odr\u017eavaju i pobolj\u0161avaju razinu sigurnosti za\u0161tite podataka o va\u0161oj kreditnoj kartici odr\u017eavanjem strogih kontrola pristupa, redovite sigurnosti i dubinskih provjera sustava za spre\u010davanje mre\u017enih slabosti.<\/p>\n<p><strong><b>Porezi<\/b><\/strong><\/p>\n<p>Prodaja na\u0161ih Usluga i Proizvoda mo\u017ee podlijegati neizravnim porezima, porezima na promet, porezu na dodanu vrijednost, naknadama, carinama i tro\u0161arinama te svim drugim javnim davanjama (zajedni\u010dki se nazivaju Porezi). Neizravni porezi i svi drugi primjenjivi porezi prema zakonskim odredbama bilo koje nadle\u017ene jurisdikcije primjenjuju se na prodaju Usluga i proizvoda od strane FaceWorkoutbyMia putem web stranice u skladu s takvim zakonskim odredbama koje su na snazi.<\/p>\n<p><strong><b>Pla\u0107anje<\/b><\/strong><\/p>\n<p>Pla\u0107anje vr\u0161i CorvusPay platforma za pla\u0107anje. Korisnik jam\u010di da je FaceWorkoutbyMia ispravno autoriziran za kori\u0161tenje na\u010dina pla\u0107anja koji je korisnik odabrao prilikom narud\u017ebe.<\/p>\n<p>Sve narud\u017ebe, uklju\u010duju\u0107i poreze i sve druge obvezne naknade, moraju biti pla\u0107ene u eurima \u20ac i ovisno o banci koju koristite, iznos \u0107e se naplatiti u valuti koju koristite. Bankovne tro\u0161kove, provizije ili naknade koje mogu nastati snosit \u0107e kupac.<\/p>\n<p>U rje\u0161avanju potencijalnih internetskih prijevara, FaceWorkoutbyMia mo\u017ee priop\u0107iti informacije o narud\u017ebi kupca tre\u0107oj strani koju je zakonski ovlastio ili imenovao FaceWorkoutbyMia kako bi potvrdio identitet kupca, valjanost narud\u017ebe, valjanost kori\u0161tenog na\u010dina pla\u0107anja i odabrani na\u010din isporuke. FaceWorkoutbyMia koristi valjane tehnike \u0161ifriranja kako bi zajam\u010dila sigurnost svojih transakcija.<\/p>\n<p><strong><b>Intelektualno vlasni\u0161tvo<\/b><\/strong><\/p>\n<p>Sav sadr\u017eaj na ovoj web stranici, uklju\u010duju\u0107i, ali ne ograni\u010davaju\u0107i se na: za\u0161titni znak FaceWorkoutbyMia i sve druge povezane za\u0161titne znakove, slike i logotipe, programe, dizajne, tekstove, slike, videozapise, audio zapise, glazbu, pjesme, snimke, logotipe, patente, zna\u010dajke, softver, programe, veze, kao i patente, poslovne tajne, izume, metode, planove, poslovne planove, znanje i znanje, autorska prava izra\u017eena ili implicirana u predstavljenim proizvodima i uslugama, \u00a0nudi ili pru\u017ea FaceWorkoutbyMia (u daljnjem tekstu: <strong><b>FaceWorkoutbyMia sadr\u017eaj<\/b><\/strong>) za\u0161ti\u0107en <strong><b>je autorskim pravima i ostaje intelektualno vlasni\u0161tvo FaceWorkoutbyMia u punoj mjeri, bez ikakvih ograni\u010denja.<\/b><\/strong><\/p>\n<p><strong><b>\u00a0<\/b><\/strong>Svako neovla\u0161teno kori\u0161tenje bilo kojeg FaceWorkoutbyMia sadr\u017eaja izri\u010dito je zabranjeno bez prethodnog pisanog pristanka FaceWorkoutbyMia.<\/p>\n<p>FaceFitnessbyMia pridr\u017eava sva vlasni\u010dka prava na FaceFitnessbyMia sadr\u017eaj dostupan putem Stranice i sa\u010dinjen od strane na\u0161ih stru\u010dnjaka i zaposlenika.<\/p>\n<p>Za kori\u0161tenje FaceWorkoutbyMia sadr\u017eaja, dajemo vam kao korisniku ograni\u010denu, neisklju\u010divu neprenosivu <strong><b>licencu za pristup i kori\u0161tenje u va\u0161e osobne i nekomercijalne svrhe.<\/b><\/strong>\u00a0Ova licenca dodjeljuje se isklju\u010divo u svrhu kori\u0161tenja Web stranice i Usluga od strane Vas osobno u skladu s ovim Uvjetima i ne smije se dodijeliti ili podlicencirati.<\/p>\n<p><strong><b>Poslovi s tre\u0107im stranama<\/b><\/strong><\/p>\n<p>Ako putem ove web stranice i\/ili Usluge stupite u odnose s bilo kojom tre\u0107om stranom u vezi s pla\u0107anjem i isporukom na\u0161ih Usluga i \/ili Proizvoda i bilo kojim drugim poslovima povezanim s tom tre\u0107om stranom, to je isklju\u010divo izme\u0111u vas i takve tre\u0107e strane.<\/p>\n<p><strong><b>Doga\u0111aji izvan na\u0161e kontrole<\/b><\/strong><\/p>\n<p>FaceWorkoutbyMia nije odgovoran za bilo kakav gubitak ili ka\u0161njenje zbog bilo kakvog neispunjavanja u potpunosti ili djelomi\u010dno, ili pravodobno na\u0161ih obveza prema Uvjetima u ovom Ugovoru koji je uzrokovan doga\u0111ajem izvan na\u0161e kontrole, \u0161to zna\u010di bilo koji \u010din ili doga\u0111aj izvan na\u0161e razumne kontrole, odnosno bilo koji incident izvan kontrole FaceWorkoutbyMia i koji se nije mogao predvidjeti ili ako je to predvidivo, \u00a0nije se mogao izbje\u0107i kako je predvi\u0111eno primjenjivim, uklju\u010duju\u0107i, ali ne ograni\u010davaju\u0107i se na: propust, neuspjeh, nesre\u0107u ili doga\u0111aj izvan na\u0161e kontrole kao \u0161to su \u0161trajkovi, isklju\u010denja ili druge industrijske akcije tre\u0107ih strana, neredi, invazija, teroristi\u010dki napad ili prijetnja teroristi\u010dkim napadom, ratom (bilo progla\u0161enim ili ne) ili prijetnjom ili pripremom za rat, vatru, eksploziju, oluja, \u00a0poplava, potres, epidemija ili druge prirodne katastrofe, nesta\u0161ica, djelovanje vlade ili sredi\u0161njih banaka, zakonodavstvo i mjere, embargo, znatne promjene zakonodavstva, zakonski ekonomski propisi ili uvjeti ili propast javnih ili privatnih telekomunikacijskih mre\u017ea ili nemogu\u0107nost kori\u0161tenja \u017eeljeznica, pomorskog prometa, zrakoplova, motornog prijevoza ili drugih sredstava javnog ili privatnog prijevoza (u daljnjem tekstu: <strong><b>Doga\u0111aj izvan na\u0161e kontrole<\/b><\/strong>).<\/p>\n<p>Ako do\u0111e do Doga\u0111aja izvan na\u0161e kontrole, izvr\u0161enje na\u0161ih Usluga i \/ ili isporuka na\u0161ih Proizvoda bit \u0107e obustavljeni za vrijeme trajanja takvog doga\u0111aja izvan na\u0161e kontrole i nastavit \u0107e se \u0161to je prije mogu\u0107e.<\/p>\n<p><strong><b>Povezane web stranice<\/b><\/strong><\/p>\n<p>Odre\u0111ene poveznice na na\u0161oj Web stranici mogu vas dovesti do drugih web stranica (u daljnjem tekstu: <strong><b>Povezane web stranice<\/b><\/strong>), u kojem slu\u010daju FaceWorkoutmyMia se odri\u010de bilo kakve odgovornosti i u slu\u010daju bilo kakve interakcije na takvim Povezanim web stranicama, sve pravne i druge povezane poslove izravno \u0107ete rje\u0161avati s vlasnikom odre\u0111ene Povezane web stranice.<\/p>\n","protected":false},"excerpt":{"rendered":"<p>Op\u0107enito Face fitness d.o.o. , vlasnica Mia \u0160o\u0161ki\u0107 sa sjedi\u0161tem u Splitu, Polji\u010dka cesta 11, OIB 21434508418 (u daljnjem tekstu: FaceWorkoutbyMia\u00a0\u00a0ili Dru\u0161tvo ili Mi) u vlasni\u0161tvu je i upravlja ovom web stranicom (u daljnjem tekstu: \u00a0Stranica\u00a0\u00a0ili Web\u00a0stranica)\u00a0na kojoj predstavljamo i nudimo programe vje\u017ebi lica kako je opisano na web stranici (u daljnjem tekstu: Usluge\u00a0i\/ili Proizvodi). &hellip; <a href=\"https:\/\/faceworkoutbymia.com\/hr\/uvjeti-poslovanja\/\">Vi\u0161e<\/a><\/p>\n","protected":false},"author":230,"featured_media":0,"parent":0,"menu_order":100,"comment_status":"closed","ping_status":"closed","template":"","meta":{"_acf_changed":false,"footnotes":""},"class_list":["post-249","page","type-page","status-publish","hentry"],"acf":[],"_links":{"self":[{"href":"https:\/\/faceworkoutbymia.com\/hr\/wp-json\/wp\/v2\/pages\/249","targetHints":{"allow":["GET"]}}],"collection":[{"href":"https:\/\/faceworkoutbymia.com\/hr\/wp-json\/wp\/v2\/pages"}],"about":[{"href":"https:\/\/faceworkoutbymia.com\/hr\/wp-json\/wp\/v2\/types\/page"}],"author":[{"embeddable":true,"href":"https:\/\/faceworkoutbymia.com\/hr\/wp-json\/wp\/v2\/users\/230"}],"replies":[{"embeddable":true,"href":"https:\/\/faceworkoutbymia.com\/hr\/wp-json\/wp\/v2\/comments?post=249"}],"version-history":[{"count":7,"href":"https:\/\/faceworkoutbymia.com\/hr\/wp-json\/wp\/v2\/pages\/249\/revisions"}],"predecessor-version":[{"id":13496,"href":"https:\/\/faceworkoutbymia.com\/hr\/wp-json\/wp\/v2\/pages\/249\/revisions\/13496"}],"wp:attachment":[{"href":"https:\/\/faceworkoutbymia.com\/hr\/wp-json\/wp\/v2\/media?parent=249"}],"curies":[{"name":"wp","href":"https:\/\/api.w.org\/{rel}","templated":true}]}}