{"id":2980,"date":"2022-03-22T16:16:17","date_gmt":"2022-03-22T15:16:17","guid":{"rendered":"https:\/\/faceworkoutbymia.com\/?page_id=2980"},"modified":"2024-07-15T10:24:31","modified_gmt":"2024-07-15T08:24:31","slug":"predugovorna-obavijest","status":"publish","type":"page","link":"https:\/\/faceworkoutbymia.com\/hr\/predugovorna-obavijest\/","title":{"rendered":"Predugovorna obavijest"},"content":{"rendered":"\n<p>Face fitness d.o.o., owned by Mia \u0160o\u0161ki\u0107, OIB: 21434508418 with its registered seat in Split, Polji\u010dka cesta 11<\/p>\n\n\n\n<p>Ovom Predugovornom obavijesti, sukladno \u010dlanku 69. stavku 2. Zakona o za\u0161titi potro\u0161a\u010da, Face fitness d.o.o., u vlasni\u0161tvu Mije \u0160o\u0161ki\u0107, OIB: 21434508418 sa sjedi\u0161tem u Splitu, Polji\u010dka cesta 11, daje obavijest o sljede\u0107em:<\/p>\n\n\n\n<p>Kontakt podaci Face fitness by MIA su:<br> adresa e-po\u0161te: <a href=\"mailto:info@faceworkoutbymia.com\">info@faceworkoutbymia.com<\/a> ili putem sljede\u0107e poveznice: <a href=\"https:\/\/faceworkoutbymia.com\/hr\/contact\/\">https:\/\/faceworkoutbymia.com\/contact\/<\/a>.<\/p>\n\n\n\n<p>Glavne zna\u010dajke usluge koju pru\u017ea Face fitness by MIA i svi detalji i informacije o pretplatni\u010dkim paketima, maloprodajnoj cijeni usluge, uvjetima pru\u017eanja usluge i cijenama navedeni su na ovoj web stranici i lako se mogu prona\u0107i na sljede\u0107oj poveznici: <a href=\"https:\/\/faceworkoutbymia.com\/face-workout\/#packages\">https:\/\/faceworkoutbymia.com\/face-workout\/#packages<\/a> ali za lak\u0161i pregled ovdje su cijene svakog pretplatni\u010dkog paketa:<\/p>\n\n\n\n<figure class=\"wp-block-image size-full\"><img fetchpriority=\"high\" decoding=\"async\" width=\"1125\" height=\"538\" src=\"https:\/\/faceworkoutbymia.com\/hr\/wp-content\/uploads\/sites\/2\/2024\/07\/Subscription-Package.jpg\" alt=\"\" class=\"wp-image-9455\" srcset=\"https:\/\/faceworkoutbymia.com\/hr\/wp-content\/uploads\/sites\/2\/2024\/07\/Subscription-Package.jpg 1125w, https:\/\/faceworkoutbymia.com\/hr\/wp-content\/uploads\/sites\/2\/2024\/07\/Subscription-Package-300x143.jpg 300w, https:\/\/faceworkoutbymia.com\/hr\/wp-content\/uploads\/sites\/2\/2024\/07\/Subscription-Package-1024x490.jpg 1024w, https:\/\/faceworkoutbymia.com\/hr\/wp-content\/uploads\/sites\/2\/2024\/07\/Subscription-Package-768x367.jpg 768w, https:\/\/faceworkoutbymia.com\/hr\/wp-content\/uploads\/sites\/2\/2024\/07\/Subscription-Package-1000x478.jpg 1000w\" sizes=\"(max-width: 1125px) 100vw, 1125px\" \/><\/figure>\n\n\n\n<figure class=\"wp-block-image size-large\"><img decoding=\"async\" width=\"1024\" height=\"490\" src=\"https:\/\/faceworkoutbymia.com\/hr\/wp-content\/uploads\/sites\/2\/2024\/07\/Subscription-Package-2-1-1024x490.jpg\" alt=\"\" class=\"wp-image-9460\" srcset=\"https:\/\/faceworkoutbymia.com\/hr\/wp-content\/uploads\/sites\/2\/2024\/07\/Subscription-Package-2-1-1024x490.jpg 1024w, https:\/\/faceworkoutbymia.com\/hr\/wp-content\/uploads\/sites\/2\/2024\/07\/Subscription-Package-2-1-300x143.jpg 300w, https:\/\/faceworkoutbymia.com\/hr\/wp-content\/uploads\/sites\/2\/2024\/07\/Subscription-Package-2-1-768x367.jpg 768w, https:\/\/faceworkoutbymia.com\/hr\/wp-content\/uploads\/sites\/2\/2024\/07\/Subscription-Package-2-1-1000x478.jpg 1000w, https:\/\/faceworkoutbymia.com\/hr\/wp-content\/uploads\/sites\/2\/2024\/07\/Subscription-Package-2-1.jpg 1125w\" sizes=\"(max-width: 1024px) 100vw, 1024px\" \/><\/figure>\n\n\n\n<p>*iznosi za gore navedene pretplatni\u010dke pakete \u010dine ukupne tro\u0161kove u odre\u0111enom razdoblju<\/p>\n\n\n\n<p>Pojedinosti o pretplati i kreiranju ra\u010duna navedene su u Op\u0107im uvjetima poslovanja u dijelu <em>Pretplate i Ukidanje korisni\u010dkog ra\u010duna<\/em>.<\/p>\n\n\n\n<p>Pojedinosti o na\u010dinima pla\u0107anja navedene su u Op\u0107im uvjetima poslovanja u dijelu: <em>Pla\u0107anje za FaceWorkoutbyMia programe<\/em>.<\/p>\n\n\n\n<p>Ovisno o odabranom trajanju pretplatni\u010dkog paketa, trajanje ugovora mo\u017ee biti tri mjeseca ili dvanaest mjeseci.<\/p>\n\n\n\n<p>Face fitness by Mia ne\u0107e napla\u0107ivati nikakve tro\u0161kove kori\u0161tenja sredstava daljinske komunikacije u svrhu sklapanja ugovora. Primjenjiva tarifa je ona koju svaki korisnik obi\u010dno koristi ovisno o paketu dogovorenom s pru\u017eateljem internetskih usluga.<\/p>\n\n\n\n<p>Digitalni sadr\u017eaj koji pru\u017ea Face fitness by Mia putem pretplatni\u010dkih paketa potpuno je funkcionalan i interoperabilan na Windows, Mac i drugim sli\u010dnim ra\u010dunalnim operativnim sustavima.<\/p>\n\n\n\n<p>Za sva pitanja i pomo\u0107 u kori\u0161tenju bilo koje Face fitness by Mia usluge mo\u017eete nas kontaktirati putem e-mail adrese: <a href=\"mailto:info@faceworkoutbymia.com\">info@faceworkoutbymia.com<\/a>.<\/p>\n\n\n\n<p>Odgovornost za materijalne nedostatke<br>\nFace fitness by Mia nije odgovoran za bilo kakve materijalne nedostatke prema \u010dlanku 400. stavku 5. Zakona o obveznim odnosima.<\/p>\n\n\n\n<p>Pravila pona\u0161anja<br>\nNe postoje pravila pona\u0161anja za Face Fitness by Mia koja bi bila donesena u obliku zakona ili drugih propisa kojima se ure\u0111uje na\u010din pona\u0161anja trgovaca koji su se obvezali pridr\u017eavati se tih pravila pona\u0161anja u vezi s jednom ili vi\u0161e poslovnih praksi ili gospodarskih sektora.<\/p>\n\n\n\n<p>Pravo na jednostrani raskid ugovora<br>\nU skladu s \u010dlankom 79. stavkom 1. to\u010dkom 13. Zakona o za\u0161titi potro\u0161a\u010da, budu\u0107i da je predmet ugovora isporuka digitalnog sadr\u017eaja koji se ne isporu\u010duje na fizi\u010dkim medijima, dajete izri\u010dit pristanak i potvrdu da nemate pravo na jednostrani raskid ugovora.<\/p>\n\n\n\n<p>Rje\u0161avanje sporova<br>U slu\u010daju bilo kakvih sporova proiza\u0161lih iz ili u vezi s kupnjom usluge koju pru\u017ea Face fitness by Mia, nadle\u017ean je Trgova\u010dki sud u Splitu.<\/p>\n\n\n\n<p>Posebnom uredbom Europske unije mogu\u0107e je rije\u0161iti sporove u vezi s internetskom kupovinom diljem EU-a putem platforme Europskog internetskog rje\u0161avanja sporova (ODR) koju pru\u017ea Europska komisija kako bi internetska kupnja bila sigurnija i pravednija pristupom kvalitetnim alatima za rje\u0161avanje sporova, kojima mo\u017eete pristupiti <a href=\"https:\/\/ec.europa.eu\/consumers\/odr\/main\/?event=main.trader.register\">ovdje<\/a>. To zna\u010di da ako nai\u0111ete na problem tijekom internetske kupnje unutar EU-a, svoju pritu\u017ebu mo\u017eete podnijeti na br\u017ei i lak\u0161i na\u010din na gornjoj poveznici. Pritu\u017ebe se mogu podnijeti na bilo kojem od 23 slu\u017ebena jezika EU-a.<\/p>\n\n\n\n<p>Zavr\u0161ne odredbe<br>\nOva Predugovorna obavijest u cijelosti je sastavni dio ugovora sklopljenog izvan poslovnog prostora ili ugovora sklopljenog na daljinu i ne mo\u017ee se mijenjati osim ako se stranke izri\u010dito nisu dogovorile druga\u010dije. Ova Predugovorna obavijest dostavlja se korisniku putem e-maila koji se smatra trajnim medijem.<\/p>\n","protected":false},"excerpt":{"rendered":"<p>Face fitness d.o.o., owned by Mia \u0160o\u0161ki\u0107, OIB: 21434508418 with its registered seat in Split, Polji\u010dka cesta 11 Ovom Predugovornom obavijesti, sukladno \u010dlanku 69. stavku 2. Zakona o za\u0161titi potro\u0161a\u010da, Face fitness d.o.o., u vlasni\u0161tvu Mije \u0160o\u0161ki\u0107, OIB: 21434508418 sa sjedi\u0161tem u Splitu, Polji\u010dka cesta 11, daje obavijest o sljede\u0107em: Kontakt podaci Face fitness by &hellip; <a href=\"https:\/\/faceworkoutbymia.com\/hr\/predugovorna-obavijest\/\">Vi\u0161e<\/a><\/p>\n","protected":false},"author":230,"featured_media":0,"parent":0,"menu_order":0,"comment_status":"closed","ping_status":"closed","template":"","meta":{"_acf_changed":false,"footnotes":""},"class_list":["post-2980","page","type-page","status-publish","hentry"],"acf":[],"_links":{"self":[{"href":"https:\/\/faceworkoutbymia.com\/hr\/wp-json\/wp\/v2\/pages\/2980","targetHints":{"allow":["GET"]}}],"collection":[{"href":"https:\/\/faceworkoutbymia.com\/hr\/wp-json\/wp\/v2\/pages"}],"about":[{"href":"https:\/\/faceworkoutbymia.com\/hr\/wp-json\/wp\/v2\/types\/page"}],"author":[{"embeddable":true,"href":"https:\/\/faceworkoutbymia.com\/hr\/wp-json\/wp\/v2\/users\/230"}],"replies":[{"embeddable":true,"href":"https:\/\/faceworkoutbymia.com\/hr\/wp-json\/wp\/v2\/comments?post=2980"}],"version-history":[{"count":10,"href":"https:\/\/faceworkoutbymia.com\/hr\/wp-json\/wp\/v2\/pages\/2980\/revisions"}],"predecessor-version":[{"id":9510,"href":"https:\/\/faceworkoutbymia.com\/hr\/wp-json\/wp\/v2\/pages\/2980\/revisions\/9510"}],"wp:attachment":[{"href":"https:\/\/faceworkoutbymia.com\/hr\/wp-json\/wp\/v2\/media?parent=2980"}],"curies":[{"name":"wp","href":"https:\/\/api.w.org\/{rel}","templated":true}]}}