{"id":43,"date":"2021-06-09T05:24:32","date_gmt":"2021-06-09T05:24:32","guid":{"rendered":"https:\/\/fwm.dev.maoio.agency\/?page_id=43"},"modified":"2026-03-14T17:47:55","modified_gmt":"2026-03-14T16:47:55","slug":"o-miji","status":"publish","type":"page","link":"https:\/\/faceworkoutbymia.com\/hr\/o-miji\/","title":{"rendered":"O Miji"},"content":{"rendered":"\n<p><style>\/*! elementor - v3.12.2 - 23-04-2023 *\/<br \/>\n.elementor-heading-title{padding:0;margin:0;line-height:1}.elementor-widget-heading .elementor-heading-title[class*=elementor-size-]>a{color:inherit;font-size:inherit;line-height:inherit}.elementor-widget-heading .elementor-heading-title.elementor-size-small{font-size:15px}.elementor-widget-heading .elementor-heading-title.elementor-size-medium{font-size:19px}.elementor-widget-heading .elementor-heading-title.elementor-size-large{font-size:29px}.elementor-widget-heading .elementor-heading-title.elementor-size-xl{font-size:39px}.elementor-widget-heading .elementor-heading-title.elementor-size-xxl{font-size:59px}<\/style><\/p>\n\n\n\n<div class=\"wp-block-columns is-layout-flex wp-container-core-columns-is-layout-9d6595d7 wp-block-columns-is-layout-flex\">\n<div class=\"wp-block-column is-layout-flow wp-block-column-is-layout-flow\">\n<div class=\"wp-block-group\"><div class=\"wp-block-group__inner-container is-layout-constrained wp-block-group-is-layout-constrained\">\n<h2 class=\"wp-block-heading\">FACE FITNESS TRENER<\/h2>\n\n\n\n<p>Bok! Ja sam Mia \u0160o\u0161ki\u0107.<\/p>\n\n\n\n<p>Oduvijek vodim ra\u010duna o svom izgledu, pilates vje\u017ebama, kao i pravilnoj, uravnote\u017eenoj prehrani.<\/p>\n\n\n\n<p>Kad smo ve\u0107 kod prehrane, suprug i ja smo 19 godina vodili restoran zdrave hrane u Splitu. Mom rodnom gradu. Otuda neprocjenjivo poduzetni\u010dko iskustvo vo\u0111enja restorana, kao i ono kuharsko. Volim praviti kola\u010de s integralnim bra\u0161nima i bez \u0161e\u0107era. A, isto tako, volim i duge \u0161etnje prirodom.<\/p>\n\n\n\n<p>Na pragu svojih 40-ih shvatila sam da pilates i pravilna prehrana ne mogu moje lice u\u010diniti zategnutijim i mladolikijim. Njihove benefite na moj kompletan well-being sam osjetila. Ali izglednom svog lica nisam bila zadovoljna.<\/p>\n\n\n\n<p>Oduvijek su mi smetali moji <strong>veliki podo\u010dnjaci<\/strong>. Za koje su mi svi govorili da su genetski i da se tu ni\u0161ta ne mo\u017ee. Smetale su mi i <strong>\u010detiri duboke vodoravne bore na mom \u010delu<\/strong> koje su se pojavile zbog izra\u017eene mimike.<\/p>\n\n\n\n<p>Tijekom godina isprobala sam raznorazne <em>anti-age<\/em> tretmane. Ali oni jednostavno nisu bili za mene.<\/p>\n\n\n\n<p>Tragaju\u0107i za rje\u0161enjima, na\u0161ila sam na vje\u017ebe za lice i vrat. Odlu\u010dila sam ih isprobati. Nekako mi je to imalo smisla. Jer ako vje\u017ebam vje\u017ebe za cijelo tijelo i imam rezultate koje \u017eelim, logi\u010dno mi je bilo vje\u017ebati lice i vrat. I vje\u017ebala sam. Tri mjeseca. \u010cetiri puta tjedno po 15-ak minuta. Nakon tri mjeseca bila sam prezadovoljna rezultatima!<\/p>\n\n\n\n<p><strong>Moji podo\u010dnjaci gotovo su nestali! A duboke bore na \u010delu bile su jedva vidljive!<\/strong><\/p>\n\n\n\n<p><strong>Obrazi su mi se podigli. Ko\u017ea cijelog lica i vrata djelovala je svje\u017eije! I mladolikije!<\/strong><\/p>\n\n\n\n<p><strong>Usne i podru\u010dje oko njih se popunilo i dobilo ve\u0107i volumen!<\/strong><\/p>\n\n\n\n<p><style>\/*! elementor - v3.12.2 - 23-04-2023 *\/<br \/>\n.elementor-widget-image{text-align:center}.elementor-widget-image a{display:inline-block}.elementor-widget-image a img[src$=\".svg\"]{width:48px}.elementor-widget-image img{vertical-align:middle;display:inline-block}<\/style><\/p>\n\n\n\n<div class=\"wp-block-columns is-layout-flex wp-container-core-columns-is-layout-9d6595d7 wp-block-columns-is-layout-flex\">\n<div class=\"wp-block-column is-layout-flow wp-block-column-is-layout-flow\">\n<figure class=\"wp-block-image is-style-rounded\"><img decoding=\"async\" src=\"https:\/\/faceworkoutbymia.com\/hr\/wp-content\/uploads\/sites\/2\/2022\/12\/image2-1024x1024.jpeg\" alt=\"\"\/><\/figure>\n<\/div>\n\n\n\n<div class=\"wp-block-column is-layout-flow wp-block-column-is-layout-flow\">\n<figure class=\"wp-block-image is-style-rounded\"><img decoding=\"async\" src=\"https:\/\/faceworkoutbymia.com\/hr\/wp-content\/uploads\/sites\/2\/2021\/10\/faceworkoutbymia-about-2.jpeg\" alt=\"\"\/><\/figure>\n<\/div>\n<\/div>\n\n\n\n<p class=\"has-text-align-center\">Na prvoj fotografiji imam 37 godina. Na drugoj  imam, 47.<\/p>\n\n\n\n<p><\/p>\n<\/div><\/div>\n\n\n\n<div class=\"wp-block-group\"><div class=\"wp-block-group__inner-container is-layout-constrained wp-block-group-is-layout-constrained\"><\/div><\/div>\n<\/div>\n\n\n\n<div class=\"wp-block-column is-layout-flow wp-block-column-is-layout-flow\">\n<figure class=\"wp-block-image is-style-rounded\"><img decoding=\"async\" src=\"https:\/\/faceworkoutbymia.com\/hr\/wp-content\/uploads\/sites\/2\/2022\/03\/online-training-mia-1-768x1152.jpg\" alt=\"\"\/><\/figure>\n<\/div>\n<\/div>\n\n\n\n<div class=\"wp-block-getwid-section centrirajSaFlex getwid-section-content-full-width\"><div class=\"wp-block-getwid-section__wrapper\"><div class=\"wp-block-getwid-section__inner-wrapper\"><div class=\"wp-block-getwid-section__background-holder\"><div class=\"wp-block-getwid-section__background\"><\/div><div class=\"wp-block-getwid-section__foreground\"><\/div><\/div><div class=\"wp-block-getwid-section__content\"><div class=\"wp-block-getwid-section__inner-content\">\n<h2 class=\"wp-block-heading has-text-align-center sekundarniGradijentText\">Edukacija<\/h2>\n<\/div><\/div><\/div><\/div><\/div>\n\n\n\n<div class=\"wp-block-getwid-section getwid-section-content-full-width\"><div class=\"wp-block-getwid-section__wrapper\"><div class=\"wp-block-getwid-section__inner-wrapper\"><div class=\"wp-block-getwid-section__background-holder\"><div class=\"wp-block-getwid-section__background\"><\/div><div class=\"wp-block-getwid-section__foreground\"><\/div><\/div><div class=\"wp-block-getwid-section__content\"><div class=\"wp-block-getwid-section__inner-content\">\n<div class=\"wp-block-columns is-layout-flex wp-container-core-columns-is-layout-9d6595d7 wp-block-columns-is-layout-flex\">\n<div class=\"wp-block-column is-layout-flow wp-block-column-is-layout-flow\">\n<p>U razdoblju od 2016. do 2024. godine zavr\u0161ila sam brojne edukacije o vje\u017ebama za lice i vrat, kao i o prirodnoj njezi lica. Neke od najzna\u010dajnijih su:<\/p>\n\n\n\n<figure class=\"wp-block-table\"><table><tbody><tr><td>2016.-2017.<\/td><td>Edukacija za Face fitness trenera<\/td><\/tr><tr><td>2019.<\/td><td>Edukacija za Skulpturalni facelift u Londonu<\/td><\/tr><tr><td>2019.<\/td><td>Edukacija za Japanski Cosmo Lifting<\/td><\/tr><tr><td>2020.<\/td><td>Edukacija za Energetski Facelift u Splitu<\/td><\/tr><\/tbody><\/table><\/figure>\n<\/div>\n\n\n\n<div class=\"wp-block-column is-layout-flow wp-block-column-is-layout-flow\">\n<p>Edukator sam za masa\u017eu i samomasa\u017eu lica, vrata i dekoltea. U srpnju 2019. godine u Londonu sam zavr\u0161ila edukaciju za sve popularniju bukalnu, odnosno intraoralnu masa\u017eu lica. i njen sam edukator od 2020,godine.<\/p>\n\n\n\n<p>Nakon osam godina vje\u017ebanja i odr\u017eavanja edukacija te inspiriranja stotine \u017eena na vje\u017ebanje, osmislila sam svoj program od <strong>100 vrlo efikasnih vje\u017ebi za lice i vrat<\/strong> pod nazivom <a href=\"https:\/\/faceworkoutbymia.com\/hr\/\">Faceworkout by Mia<\/a>. Ove vje\u017ebe isprobale su na stotine \u017eena. Stvarnih \u017eena. I prezadovoljne su rezultatima koje su postigle. Vi\u0161e sadr\u017eaja koji dijelim sa svima je na You tube kanalu Face fitness by Mia i na Facebook profilu tako\u0111er Face fitness by Mia, kao i na Instagram profilu mia_facefitness<\/p>\n<\/div>\n<\/div>\n<\/div><\/div><\/div><\/div><\/div>\n\n\n\n<div style=\"height:35px\" aria-hidden=\"true\" class=\"wp-block-spacer\"><\/div>\n\n\n\n<div class=\"wp-block-getwid-section centrirajSaFlex getwid-section-content-full-width\"><div class=\"wp-block-getwid-section__wrapper\"><div class=\"wp-block-getwid-section__inner-wrapper\"><div class=\"wp-block-getwid-section__background-holder\"><div class=\"wp-block-getwid-section__background\"><\/div><div class=\"wp-block-getwid-section__foreground\"><\/div><\/div><div class=\"wp-block-getwid-section__content\"><div class=\"wp-block-getwid-section__inner-content\">\n<h2 class=\"wp-block-heading has-text-align-center sekundarniGradijentText\">Recenzije<\/h2>\n<\/div><\/div><\/div><\/div><\/div>\n\n\n\n<div style=\"height:35px\" aria-hidden=\"true\" class=\"wp-block-spacer\"><\/div>\n\n\n<section id=\"svjedocanstva\">\n<div class=\"container\">\n<div class=\"row\">\n\n<div class=\"col-lg-4 col-md-6 col-12 outer\">\n<div class=\"innerWrap\">\n<div class=\"fotkaWrap\">\n    <figure>\n<img decoding=\"async\" src=\"https:\/\/faceworkoutbymia.com\/hr\/wp-content\/uploads\/sites\/2\/2023\/06\/Mariana_Bonetta-150x150.jpeg\" \/>\n    <\/figure>\n<\/div><!--\/.fotkaWrap-->\n<div class=\"komentar\">\n    <p>Kada nam netko svojim \u017eivotom svjedo\u010di, onda je mudro poslu\u0161ati njegov savjet. Sre\u0107om sam i ja bila mudra, barem na tren\u00a0<img decoding=\"async\" style=\"background-color: transparent; color: #000000; font-family: Calibri, sans-serif; font-size: 11pt; white-space-collapse: preserve; margin-left: 0px; margin-top: 0px;\" src=\"https:\/\/lh5.googleusercontent.com\/CypKpGdseVj-IG8Dxskd7KVJT0-k2FMGMhhroPKd_lhjVuj2EvJFN3gx7wpnffbajysWKb-VneCwHQPIrxROoRYGX4YfuAIWIKj1hAglwrkn_6wy4Hhebrc1JFPmnUOPi0gXkNv7F5KASeOw1SOD5A\" alt=\"\ud83d\ude09\" width=\"16\" height=\"16\" \/><span style=\"font-size: 1rem;\">\u00a0i poslu\u0161ala Mijin savjet za redoviti trening lica. Samo 10ak min dnevno redovite vje\u017ebe, ostavlja trag na mom licu, koje dobiva sjaj, elasti\u010dnost, koje kao da je &#8220;o\u017eivjelo&#8221;. Velika hvala po\u0161tovana Mia i, naravno, topla preporuka svima.<\/span><\/p>\n<\/div><!--\/.komentar-->\n<div class=\"autor\">\nMariana Bonetta (51), turisti\u010dki vodi\u010d<\/div><!--\/.autor-->\n<\/div><!--\/.innerWrap-->\n<\/div><!--\/.outer-->\n<div class=\"col-lg-4 col-md-6 col-12 outer\">\n<div class=\"innerWrap\">\n<div class=\"fotkaWrap\">\n    <figure>\n<img decoding=\"async\" src=\"https:\/\/faceworkoutbymia.com\/hr\/wp-content\/uploads\/sites\/2\/2023\/06\/radmila_cuzovic_serdar-150x150.jpeg\" \/>\n    <\/figure>\n<\/div><!--\/.fotkaWrap-->\n<div class=\"komentar\">\n    <p>S Miom vje\u017ebam ve\u0107 evo 5 mjesec i mogu re\u0107i da sam prezadovoljna.<br \/>\nKao prvo ko\u017ea puno bolje izgleda, tonus se vidno popravio. Obrazi su se podigli, kao i gornji kapci dok su vre\u0107ice ispod o\u010diju nestale. Pa tako i izgledam odmornije i svje\u017eije.<br \/>\nTako\u0111er vidno je pobolj\u0161anje u predjelu podbratka i ovala lica.<br \/>\nKao netko kome je kozmetika profesija mogu re\u0107i da je ovo jedna od boljih stvari koju mo\u017eete napraviti za svoje lice!!!\u00a0<img loading=\"lazy\" decoding=\"async\" style=\"background-color: transparent; color: #000000; font-family: Calibri, sans-serif; font-size: 11pt; white-space-collapse: preserve; margin-left: 0px; margin-top: 0px;\" src=\"https:\/\/lh5.googleusercontent.com\/IKtS7_7nq-4XruxvYwBRKcFJuY4zkDReXihHivKPkjGtZHT9nXi5TcAjHEpYy5HueIfYDfVDezJBqQA6PijpmZtJLcF5XqWlYi7Al_4u60-blA5piug8MaA__ISHLdo-H3TBLklW8diHbCu8KQU9rg\" alt=\"\ud83e\udd17\" width=\"16\" height=\"16\" \/><\/p>\n<\/div><!--\/.komentar-->\n<div class=\"autor\">\nRadmila \u0106uzovi\u0107 Serdar, 39 godina, vlasnica kozmeti\u010dkog salona Dermalift u Zagrebu<\/div><!--\/.autor-->\n<\/div><!--\/.innerWrap-->\n<\/div><!--\/.outer-->\n<div class=\"col-lg-4 col-md-6 col-12 outer\">\n<div class=\"innerWrap\">\n<div class=\"fotkaWrap\">\n    <figure>\n<img decoding=\"async\" src=\"https:\/\/faceworkoutbymia.com\/hr\/wp-content\/uploads\/sites\/2\/2023\/06\/zrinka_hrvoj-150x150.jpeg\" \/>\n    <\/figure>\n<\/div><!--\/.fotkaWrap-->\n<div class=\"komentar\">\n    <p>Vje\u017ebam uz pomo\u0107 Mijinih video treninga.<br \/>\nVje\u017ebe su sjajne! Odmah nakon treninga osijecam bolju cirkulaciju u licu. Lijep je osjecaj aktivne brige o svom licu. Poznajem Miu godinama i svjedok sam da joj lice izgleda sve bolje i bolje! To me jo\u0161 vi\u0161e inspirira da vje\u017ebam!<br \/>\nPreporu\u010dam svima da isprobaju Mijine vje\u017ebe!<\/p>\n<\/div><!--\/.komentar-->\n<div class=\"autor\">\nZrinka Hrvoj, 50 godina, poduzetnica<\/div><!--\/.autor-->\n<\/div><!--\/.innerWrap-->\n<\/div><!--\/.outer-->\n<\/div><!--\/.row-->\n\n\n<div id=\"videoSvjedocanstva\">\n<div class=\"row\">\n<\/div><!--\/.row-->\n<\/div><!--#videoSvjedocanstva-->\n\n<\/div><!--\/.container-->\n<\/section>\n\n\n\n<div class=\"wp-block-getwid-section getwid-section-content-custom-width\"><div class=\"wp-block-getwid-section__wrapper\"><div class=\"wp-block-getwid-section__inner-wrapper\" style=\"max-width:700px\"><div class=\"wp-block-getwid-section__background-holder\"><div class=\"wp-block-getwid-section__background\"><\/div><div class=\"wp-block-getwid-section__foreground\"><\/div><\/div><div class=\"wp-block-getwid-section__content\"><div class=\"wp-block-getwid-section__inner-content\">\n<p class=\"has-text-align-center\">I ti mo\u017ee\u0161 postati jedna od tih \u017eena! Pretplati se na <a href=\"https:\/\/faceworkoutbymia.com\/hr\/\">Faceworkout by Mia<\/a> program vje\u017ebi za lice na tri ili dvanaest mjeseci.<\/p>\n\n\n\n<p class=\"has-text-align-center\">Vje\u017ebati mo\u017ee\u0161 kad god tebi odgovara. A pratiti vje\u017ebe mo\u017ee\u0161 preko \u2013 mobitela, laptopa, PC-a ili tableta.<\/p>\n<\/div><\/div><\/div><\/div><\/div>\n\n\n\n<div class=\"wp-block-getwid-section centrirajSaFlex getwid-section-content-full-width\"><div class=\"wp-block-getwid-section__wrapper\"><div class=\"wp-block-getwid-section__inner-wrapper\"><div class=\"wp-block-getwid-section__background-holder\"><div class=\"wp-block-getwid-section__background\"><\/div><div class=\"wp-block-getwid-section__foreground\"><\/div><\/div><div class=\"wp-block-getwid-section__content\"><div class=\"wp-block-getwid-section__inner-content\">\n<h2 class=\"wp-block-heading has-text-align-center sekundarniGradijentText\">Paketi<\/h2>\n<\/div><\/div><\/div><\/div><\/div>\n\n\n<section id=\"paketi\">\n<div class=\"container\">\n<div class=\"naslovSegmenta\">\n<h2>Pridru\u017ei  se programu vje\u017ebi lica i podigni tonus mi\u0161i\u0107a lica<\/h2>\n<\/div><!--\/.naslovSegmenta-->\n\n<div class=\"row\" id=\"paketiAnchor\">\n<div class=\"col-lg-4 col-md-6 col-12 outer\">\n<div class=\"innerWrap\">\n<div class=\"paketInner\">\n<div class=\"podnaslov\">\n<h3>Trenutno nedostupno<\/h3>\n<\/div><!--\/.podnaslov-->\n<div class=\"istaknutaCijena\">\n<div class=\"istaknutaCijenaInner\">\n<div class=\"aktivnaCijena\">\n30\u20ac\/mjesec<\/div><!--\/.aktivnaCijena-->\n<\/div><!--\/.istaknutaCijenaInner-->\n<\/div><!--\/.istaknutaCijena-->\n<div class=\"stavkePaketa\">\n<ul>\n<li> 59 video treninga sa vje\u017ebama za va\u0161e lice i vrat<\/li>\n<li>Masa\u017ee lica za tvoju svakodnevnu rutinu: jutarnja masa\u017ea ve\u010dernja masa\u017ea i facelift masa\u017ea<\/li>\n<li>Treninzi za po\u010detnike korak po korak<\/li>\n<li>Napredni treninzi \u2013 sastoje se od dinami\u010dkih i izometrijskih vje\u017ebi za iznimne rezultate<\/li>\n<li>Parcijalni ciljani treninzi za lice za: nazolabijalne bore, usta, vrat, o\u010di, \u010delo i \u010deljust<\/li>\n<li>Raspored dan po dan od ponedjeljka do nedjelje<\/li>\n<li>Kuharica sa zdravim receptima<\/li>\n<li>Jednom mjese\u010dno trening u\u017eivo i snimka<\/li>\n<li>Ako \u017eeli\u0161 uplatiti direktno na IBAN on se nalazi na dnu stranice. Nakon uplate po\u0161alji nam potvrdu uplate na mail facefitnessbymia@gmail.com i poslati \u0107emo ti lozinku za pristup Face Workout programu i video upute za kori\u0161tenje programa.<\/li>\n<\/ul>\n<\/div><!--\/.stavkePaketa-->\n<div class=\"tipkaWrap\">\n<a href=\"?add-to-cart=380\" class=\"tipke\">\n<\/a>\n<\/div><!--\/.tipkaWrap-->\n<\/div><!--\/.paketInner-->\n<\/div><!--\/.innerWrap-->\n<\/div><!--.outer-->\n<div class=\"col-lg-4 col-md-6 col-12 outer\">\n<div class=\"innerWrap\">\n<div class=\"paketInner\">\n<div class=\"podnaslov\">\n<h3>PRETPLATA 3 MJESECA <\/h3>\n<\/div><!--\/.podnaslov-->\n<div class=\"istaknutaCijena\">\n<div class=\"istaknutaCijenaInner\">\n<div class=\"aktivnaCijena\">\n79\u20ac (26\u20ac\/mjesec)<\/div><!--\/.aktivnaCijena-->\n<\/div><!--\/.istaknutaCijenaInner-->\n<\/div><!--\/.istaknutaCijena-->\n<div class=\"stavkePaketa\">\n<ul>\n<li> 59 video treninga sa vje\u017ebama za va\u0161e lice i vrat<\/li>\n<li>Masa\u017ee lica za tvoju svakodnevnu rutinu: jutarnja masa\u017ea ve\u010dernja masa\u017ea i facelift masa\u017ea<\/li>\n<li>Treninzi za po\u010detnike korak po korak<\/li>\n<li>Napredni treninzi \u2013 sastoje se od dinami\u010dkih i izometrijskih vje\u017ebi za iznimne rezultate<\/li>\n<li>Parcijalni ciljani treninzi za lice za: nazolabijalne bore, usta, vrat, spu\u0161tene kapke i podo\u010dnjake, \u010delo i bradu<\/li>\n<li>Jednom mjese\u010dno trening u\u017eivo<\/li>\n<li>E book sa instrukcijama kako zapo\u010deti sa vje\u017ebama Face Workout programa<\/li>\n<li>Kuharica sa zdravim receptima<\/li>\n<li>Kalendar vje\u017ebanja za bolju organizaciju, ovisno o individualnim \u017eivotnim navikama (template)<\/li>\n<li>Ako \u017eeli\u0161 uplatiti direktno na IBAN on se nalazi na dnu stranice. Nakon uplate po\u0161alji nam potvrdu uplate na mail facefitnessbymia@gmail.com i poslati \u0107emo ti lozinku za pristup Face Workout programu i video upute za kori\u0161tenje programa.<\/li>\n<\/ul>\n<\/div><!--\/.stavkePaketa-->\n<div class=\"tipkaWrap\">\n<a href=\"?add-to-cart=7022\" class=\"tipke\">\nOdaberi paket<\/a>\n<\/div><!--\/.tipkaWrap-->\n<\/div><!--\/.paketInner-->\n<\/div><!--\/.innerWrap-->\n<\/div><!--.outer-->\n<div class=\"col-lg-4 col-md-6 col-12 outer premiumPaket\">\n<span class=\"premiumPaketIcon\">\n<i class=\"fa-solid fa-star\"><\/i>\n<\/span>\n<div class=\"innerWrap\">\n<div class=\"paketInner\">\n<div class=\"podnaslov\">\n<h3>PREMIUM GODI\u0160NJA PRETPLATA<\/h3>\n<\/div><!--\/.podnaslov-->\n<div class=\"istaknutaCijena\">\n<div class=\"istaknutaCijenaInner\">\n<div class=\"prekrizenaCijena\">\n360\u20ac<\/div><!--\/.prekrizenaCijena-->\n<div class=\"aktivnaCijena\">\n 179\u20ac (15\u20ac\/mjesec)   <\/div><!--\/.aktivnaCijena-->\n<\/div><!--\/.istaknutaCijenaInner-->\n<\/div><!--\/.istaknutaCijena-->\n<div class=\"ustedaPaketi\">\n<div class=\"ustedaPaketiInner\">\nU\u0160TEDI -43%<!--\n<div class=\"ikonicaUsteda\">\n<img decoding=\"async\" src=\"https:\/\/faceworkoutbymia.com\/hr\/wp-content\/themes\/faceworkoutbymia\/dist\/images\/usteda.png\" \/>\n-->\n<\/div><!--\/.ikonicaUsteda-->\n<\/div><!--\/.ustedaPaketiInner-->\n<\/div><!--\/.ustedaPaketi-->\n<div class=\"stavkePaketa\">\n<ul>\n<li> 59 video treninga sa vje\u017ebama za va\u0161e lice i vrat<\/li>\n<li>Raspored treninga po danima od ponedjeljka do nedjelje<\/li>\n<li>BONUS - jednom mjese\u010dno ZOOM trening u\u017eivo sa Miom za sve aktivne pretplatnike - plus snimka sti\u017ee na mail<\/li>\n<li>Napredni treninzi \u2013 sastoje se od dinami\u010dkih i izometrijskih vje\u017ebi za iznimne rezultate<\/li>\n<li>Parcijalni ciljani treninzi za lice za: nazolabijalne bore, usta, vrat, spu\u0161tene kapke i podo\u010dnjake, \u010delo i bradu<\/li>\n<li>E book PRIRU\u010cNIK sa svim potrebnim savjetima za po\u010detak Face Workout programa<\/li>\n<li>Mogu\u0107nost uplate internet bankarstvom - po\u0161alji nam upit na facefitnessbymia@gmail.com<\/li>\n<li>Kuharicu sa zdravim receptima<\/li>\n<li><strong>Bonus:<\/strong> Kalendar vje\u017ebanja za bolju organizaciju, ovisno o individualnim \u017eivotnim navikama (template)<\/li>\n<\/ul>\n<\/div><!--\/.stavkePaketa-->\n<div class=\"tipkaWrap\">\n<a href=\"?add-to-cart=7028\" class=\"tipke\">\nOdaberi PREMIUM paket<\/a>\n<\/div><!--\/.tipkaWrap-->\n<\/div><!--\/.paketInner-->\n<\/div><!--\/.innerWrap-->\n<\/div><!--.outer-->\n<\/div><!--\/-row-->\n\n<\/div><!--\/.container-->\n<\/section>\n","protected":false},"excerpt":{"rendered":"<p>FACE FITNESS TRENER Bok! Ja sam Mia \u0160o\u0161ki\u0107. Oduvijek vodim ra\u010duna o svom izgledu, pilates vje\u017ebama, kao i pravilnoj, uravnote\u017eenoj prehrani. Kad smo ve\u0107 kod prehrane, suprug i ja smo 19 godina vodili restoran zdrave hrane u Splitu. Mom rodnom gradu. Otuda neprocjenjivo poduzetni\u010dko iskustvo vo\u0111enja restorana, kao i ono kuharsko. Volim praviti kola\u010de s &hellip; <a href=\"https:\/\/faceworkoutbymia.com\/hr\/o-miji\/\">Vi\u0161e<\/a><\/p>\n","protected":false},"author":230,"featured_media":0,"parent":0,"menu_order":1,"comment_status":"closed","ping_status":"closed","template":"template-puna-sirina.php","meta":{"_acf_changed":false,"footnotes":""},"class_list":["post-43","page","type-page","status-publish","hentry"],"acf":[],"_links":{"self":[{"href":"https:\/\/faceworkoutbymia.com\/hr\/wp-json\/wp\/v2\/pages\/43","targetHints":{"allow":["GET"]}}],"collection":[{"href":"https:\/\/faceworkoutbymia.com\/hr\/wp-json\/wp\/v2\/pages"}],"about":[{"href":"https:\/\/faceworkoutbymia.com\/hr\/wp-json\/wp\/v2\/types\/page"}],"author":[{"embeddable":true,"href":"https:\/\/faceworkoutbymia.com\/hr\/wp-json\/wp\/v2\/users\/230"}],"replies":[{"embeddable":true,"href":"https:\/\/faceworkoutbymia.com\/hr\/wp-json\/wp\/v2\/comments?post=43"}],"version-history":[{"count":89,"href":"https:\/\/faceworkoutbymia.com\/hr\/wp-json\/wp\/v2\/pages\/43\/revisions"}],"predecessor-version":[{"id":13426,"href":"https:\/\/faceworkoutbymia.com\/hr\/wp-json\/wp\/v2\/pages\/43\/revisions\/13426"}],"wp:attachment":[{"href":"https:\/\/faceworkoutbymia.com\/hr\/wp-json\/wp\/v2\/media?parent=43"}],"curies":[{"name":"wp","href":"https:\/\/api.w.org\/{rel}","templated":true}]}}